{"id":32,"date":"2024-01-27T19:06:32","date_gmt":"2024-01-27T19:06:32","guid":{"rendered":"https:\/\/smartboat.dk\/?page_id=32"},"modified":"2024-02-03T13:04:59","modified_gmt":"2024-02-03T12:04:59","slug":"smart-boat","status":"publish","type":"page","link":"https:\/\/smartboat.dk\/index.php\/smart-boat\/","title":{"rendered":"Smart Boat"},"content":{"rendered":"\n<p>Smart Boat er et elektronisk system prim\u00e6rt best\u00e5ende af en mikrocomputer med diverse kundespecifike tilpassede interface komponenter for at muligg\u00f8re online overv\u00e5gning og kontrol af b\u00e5den.<\/p>\n\n\n\n<p><strong>(Under udvikling)<\/strong><\/p>\n","protected":false},"excerpt":{"rendered":"<p>Smart Boat er et elektronisk system prim\u00e6rt best\u00e5ende af en mikrocomputer med diverse kundespecifike tilpassede interface komponenter for at muligg\u00f8re online overv\u00e5gning og kontrol af b\u00e5den. (Under udvikling)<\/p>\n","protected":false},"author":1,"featured_media":0,"parent":0,"menu_order":1,"comment_status":"closed","ping_status":"closed","template":"","meta":{"footnotes":""},"class_list":["post-32","page","type-page","status-publish","hentry"],"_links":{"self":[{"href":"https:\/\/smartboat.dk\/index.php\/wp-json\/wp\/v2\/pages\/32","targetHints":{"allow":["GET"]}}],"collection":[{"href":"https:\/\/smartboat.dk\/index.php\/wp-json\/wp\/v2\/pages"}],"about":[{"href":"https:\/\/smartboat.dk\/index.php\/wp-json\/wp\/v2\/types\/page"}],"author":[{"embeddable":true,"href":"https:\/\/smartboat.dk\/index.php\/wp-json\/wp\/v2\/users\/1"}],"replies":[{"embeddable":true,"href":"https:\/\/smartboat.dk\/index.php\/wp-json\/wp\/v2\/comments?post=32"}],"version-history":[{"count":3,"href":"https:\/\/smartboat.dk\/index.php\/wp-json\/wp\/v2\/pages\/32\/revisions"}],"predecessor-version":[{"id":53,"href":"https:\/\/smartboat.dk\/index.php\/wp-json\/wp\/v2\/pages\/32\/revisions\/53"}],"wp:attachment":[{"href":"https:\/\/smartboat.dk\/index.php\/wp-json\/wp\/v2\/media?parent=32"}],"curies":[{"name":"wp","href":"https:\/\/api.w.org\/{rel}","templated":true}]}}